{"id":9,"date":"2015-11-11T14:46:23","date_gmt":"2015-11-11T13:46:23","guid":{"rendered":"http:\/\/www.kbrinn.at\/wp\/?page_id=9"},"modified":"2015-12-11T09:17:53","modified_gmt":"2015-12-11T08:17:53","slug":"internet","status":"publish","type":"page","link":"https:\/\/www.kbrinn.at\/wp\/?page_id=9","title":{"rendered":"Internet"},"content":{"rendered":"<p><a href=\"https:\/\/www.kbrinn.at\/wp\/wp-content\/uploads\/2015\/11\/kb.jpg\" rel=\"attachment wp-att-278\"><img loading=\"lazy\" decoding=\"async\" class=\"alignright wp-image-278 size-full\" src=\"https:\/\/www.kbrinn.at\/wp\/wp-content\/uploads\/2015\/11\/kb.jpg\" alt=\"kb\" width=\"260\" height=\"260\" srcset=\"https:\/\/www.kbrinn.at\/wp\/wp-content\/uploads\/2015\/11\/kb.jpg 260w, https:\/\/www.kbrinn.at\/wp\/wp-content\/uploads\/2015\/11\/kb-150x150.jpg 150w, https:\/\/www.kbrinn.at\/wp\/wp-content\/uploads\/2015\/11\/kb-100x100.jpg 100w\" sizes=\"auto, (max-width: 260px) 100vw, 260px\" \/><\/a><br \/>\nEgal ob im privaten oder beruflichen Umfeld, das Internet hat sich zum wichtigsten Medium der heutigen Zeit entwickelt. Als kompetenter Partner mit langj\u00e4hriger Erfahrung stehen wir ihnen gerne zur Seite.<\/p>\n<p>Die Kommunalbetriebe Rinn GmbH startete im Jahr 2006 als eigenst\u00e4ndiger Internet Service Provider (ISP). Das zu diesem Zeitpunkt bereits bestehende KabelTV-Netz diente dabei als Basis f\u00fcr die Daten\u00fcbertragung. Nach umfangreichen Erneuerungen im Jahr 2015 ist unser Unternehmen bestens f\u00fcr zuk\u00fcnftige Anforderungen ger\u00fcstet.<\/p>\n<p>Immer mehr Kunden schenken uns ihr Vertrauen. Die Vorteile liegen auf der Hand:<\/p>\n<ul>\n<li>kompetente Mitarbeiter vor Ort &#8211; Wir betreuen sie von der Herstellung ihres Internetzuganges hin bis zur Konfiguration ihres WLAN-Netzwerkes<\/li>\n<li>schnelle und unb\u00fcrokratische Realisierung individueller L\u00f6sungen<\/li>\n<li>kurze Reaktionszeiten bei St\u00f6rungen<\/li>\n<\/ul>\n","protected":false},"excerpt":{"rendered":"<p>Egal ob im privaten oder beruflichen Umfeld, das Internet hat sich zum wichtigsten Medium der heutigen Zeit entwickelt. Als kompetenter Partner mit langj\u00e4hriger Erfahrung stehen wir ihnen gerne zur Seite. Die Kommunalbetriebe Rinn GmbH startete im Jahr 2006 als eigenst\u00e4ndiger Internet Service Provider (ISP). Das zu diesem Zeitpunkt bereits bestehende\u2026<\/p>\n<p> <a class=\"continue-reading-link\" href=\"https:\/\/www.kbrinn.at\/wp\/?page_id=9\"><span>lesen sie mehr<\/span><i class=\"crycon-right-dir\"><\/i><\/a> <\/p>\n","protected":false},"author":1,"featured_media":0,"parent":0,"menu_order":200,"comment_status":"closed","ping_status":"closed","template":"templates\/template-twocolumns-right.php","meta":{"footnotes":""},"class_list":["post-9","page","type-page","status-publish","hentry"],"_links":{"self":[{"href":"https:\/\/www.kbrinn.at\/wp\/index.php?rest_route=\/wp\/v2\/pages\/9","targetHints":{"allow":["GET"]}}],"collection":[{"href":"https:\/\/www.kbrinn.at\/wp\/index.php?rest_route=\/wp\/v2\/pages"}],"about":[{"href":"https:\/\/www.kbrinn.at\/wp\/index.php?rest_route=\/wp\/v2\/types\/page"}],"author":[{"embeddable":true,"href":"https:\/\/www.kbrinn.at\/wp\/index.php?rest_route=\/wp\/v2\/users\/1"}],"replies":[{"embeddable":true,"href":"https:\/\/www.kbrinn.at\/wp\/index.php?rest_route=%2Fwp%2Fv2%2Fcomments&post=9"}],"version-history":[{"count":7,"href":"https:\/\/www.kbrinn.at\/wp\/index.php?rest_route=\/wp\/v2\/pages\/9\/revisions"}],"predecessor-version":[{"id":286,"href":"https:\/\/www.kbrinn.at\/wp\/index.php?rest_route=\/wp\/v2\/pages\/9\/revisions\/286"}],"wp:attachment":[{"href":"https:\/\/www.kbrinn.at\/wp\/index.php?rest_route=%2Fwp%2Fv2%2Fmedia&parent=9"}],"curies":[{"name":"wp","href":"https:\/\/api.w.org\/{rel}","templated":true}]}}