{"id":83,"date":"2015-11-15T18:37:55","date_gmt":"2015-11-15T17:37:55","guid":{"rendered":"http:\/\/www.kbrinn.at\/wp\/?page_id=83"},"modified":"2024-04-22T14:56:41","modified_gmt":"2024-04-22T12:56:41","slug":"downloads","status":"publish","type":"page","link":"https:\/\/www.kbrinn.at\/wp\/?page_id=83","title":{"rendered":"Formulare &#038; Downloads"},"content":{"rendered":"<p><strong>Formulare aus dem Bereich Strom<br \/>\n<\/strong><\/p>\n<ul>\n<li><a href=\"https:\/\/www.kbrinn.at\/wp\/wp-content\/uploads\/2015\/11\/Netzzugangsanfrage.pdf\">Netzzugangsanfrage<\/a><\/li>\n<li><a href=\"https:\/\/www.kbrinn.at\/wp\/wp-content\/uploads\/2015\/11\/Fertigmeldung_v1.pdf\" rel=\"\">Fertigmeldung<\/a><\/li>\n<li><a href=\"https:\/\/www.kbrinn.at\/wp\/wp-content\/uploads\/2023\/08\/Anmeldung_Netz_Energie.pdf\" rel=\"\">Anmeldung Stromlieferung<\/a><\/li>\n<li><a href=\"https:\/\/www.kbrinn.at\/wp\/wp-content\/uploads\/2015\/11\/Netznutzungsvertrag.pdf\">Netznutzungsvertrag<\/a><\/li>\n<li><a href=\"https:\/\/www.kbrinn.at\/wp\/wp-content\/uploads\/2020\/03\/2020-03_Preisblatt_Verteilnetz.pdf\">Preisblatt Verteilnetz<\/a><\/li>\n<li><a href=\"https:\/\/www.kbrinn.at\/wp\/wp-content\/uploads\/2015\/11\/OE_AT005650_20140101.pdf\">Informationen zum Strom-Netzbetreiber<\/a><\/li>\n<li><a href=\"https:\/\/www.kbrinn.at\/wp\/wp-content\/uploads\/2015\/11\/ANB_KB_Rinn_2014-09-19.pdf\">Allgemeine Bedingungen f\u00fcr den Zugang zum Verteilnetz<\/a><\/li>\n<li><a href=\"https:\/\/www.kbrinn.at\/wp\/wp-content\/uploads\/2015\/11\/ALB_KB_Rinn_2008-07-01.pdf\">Allgemeine Lieferbedingungen f\u00fcr elektrische Energie<\/a><\/li>\n<li><a href=\"https:\/\/www.kbrinn.at\/wp\/wp-content\/uploads\/2022\/04\/ALB-2022.pdf\">Allgemeine Lieferbedingungen f\u00fcr elektrische Energie g\u00fcltig ab 01.07.2022<\/a><\/li>\n<li><a href=\"https:\/\/www.kbrinn.at\/wp\/wp-content\/uploads\/2016\/03\/Datenblatt-Netzr\u00fcckwirkungen-KB_Rinn.pdf\" rel=\"\">Datenblatt zur Beurteilung von Netzr\u00fcckwirkungen<\/a><\/li>\n<\/ul>\n<hr \/>\n<p><strong>Formulare aus dem Bereich KabelTV \/ Internet<\/strong><\/p>\n<ul>\n<li><a href=\"https:\/\/www.kbrinn.at\/wp\/wp-content\/uploads\/2016\/02\/Anmeldung_KTV_Internet_v1.pdf\" rel=\"\">Anmeldung f\u00fcr KabelTV und Internet<\/a><\/li>\n<li><a href=\"https:\/\/www.kbrinn.at\/wp\/wp-content\/uploads\/2015\/11\/AGB_Internet.pdf\">AGB_Internet<\/a><\/li>\n<li><a href=\"https:\/\/www.kbrinn.at\/wp\/wp-content\/uploads\/2022\/02\/AGB_2022-04.pdf\">AGB KabelTV \/ Internet g\u00fcltig ab 04\/2022<\/a><\/li>\n<li><a href=\"https:\/\/www.kbrinn.at\/wp\/wp-content\/uploads\/2022\/06\/Jugendschutzerklaerung-Mediendienst-KabelRinn.pdf\">Jugendschutzerkl\u00e4rung<\/a><\/li>\n<li><a href=\"https:\/\/www.kbrinn.at\/wp\/?page_id=20\">kabelrinn.at &#8211; Email-Adresse einrichten<\/a><\/li>\n<\/ul>\n<hr \/>\n<p><strong>allgemeine Formulare<\/strong><\/p>\n<ul>\n<li><a href=\"https:\/\/www.kbrinn.at\/wp\/wp-content\/uploads\/2015\/11\/Einziehungsauftrag.pdf\">Einziehungsauftrag<\/a><\/li>\n<li><a href=\"https:\/\/www.kbrinn.at\/wp\/?page_id=1001\">Online Formular: Umstellung auf elektronische Zustellung<\/a><\/li>\n<\/ul>\n","protected":false},"excerpt":{"rendered":"<p>Formulare aus dem Bereich Strom Netzzugangsanfrage Fertigmeldung Anmeldung Stromlieferung Netznutzungsvertrag Preisblatt Verteilnetz Informationen zum Strom-Netzbetreiber Allgemeine Bedingungen f\u00fcr den Zugang zum Verteilnetz Allgemeine Lieferbedingungen f\u00fcr elektrische Energie Allgemeine Lieferbedingungen f\u00fcr elektrische Energie g\u00fcltig ab 01.07.2022 Datenblatt zur Beurteilung von Netzr\u00fcckwirkungen Formulare aus dem Bereich KabelTV \/ Internet Anmeldung f\u00fcr KabelTV\u2026<\/p>\n<p> <a class=\"continue-reading-link\" href=\"https:\/\/www.kbrinn.at\/wp\/?page_id=83\"><span>lesen sie mehr<\/span><i class=\"crycon-right-dir\"><\/i><\/a> <\/p>\n","protected":false},"author":1,"featured_media":0,"parent":0,"menu_order":1004,"comment_status":"closed","ping_status":"closed","template":"","meta":{"footnotes":""},"class_list":["post-83","page","type-page","status-publish","hentry"],"_links":{"self":[{"href":"https:\/\/www.kbrinn.at\/wp\/index.php?rest_route=\/wp\/v2\/pages\/83","targetHints":{"allow":["GET"]}}],"collection":[{"href":"https:\/\/www.kbrinn.at\/wp\/index.php?rest_route=\/wp\/v2\/pages"}],"about":[{"href":"https:\/\/www.kbrinn.at\/wp\/index.php?rest_route=\/wp\/v2\/types\/page"}],"author":[{"embeddable":true,"href":"https:\/\/www.kbrinn.at\/wp\/index.php?rest_route=\/wp\/v2\/users\/1"}],"replies":[{"embeddable":true,"href":"https:\/\/www.kbrinn.at\/wp\/index.php?rest_route=%2Fwp%2Fv2%2Fcomments&post=83"}],"version-history":[{"count":23,"href":"https:\/\/www.kbrinn.at\/wp\/index.php?rest_route=\/wp\/v2\/pages\/83\/revisions"}],"predecessor-version":[{"id":1036,"href":"https:\/\/www.kbrinn.at\/wp\/index.php?rest_route=\/wp\/v2\/pages\/83\/revisions\/1036"}],"wp:attachment":[{"href":"https:\/\/www.kbrinn.at\/wp\/index.php?rest_route=%2Fwp%2Fv2%2Fmedia&parent=83"}],"curies":[{"name":"wp","href":"https:\/\/api.w.org\/{rel}","templated":true}]}}