{"id":81,"date":"2015-11-15T18:35:51","date_gmt":"2015-11-15T17:35:51","guid":{"rendered":"http:\/\/www.kbrinn.at\/wp\/?page_id=81"},"modified":"2023-12-28T07:52:10","modified_gmt":"2023-12-28T06:52:10","slug":"kontakt","status":"publish","type":"page","link":"https:\/\/www.kbrinn.at\/wp\/?page_id=81","title":{"rendered":"Kontakt"},"content":{"rendered":"<p><strong>Bei St\u00f6rf\u00e4llen erreichen sie unseren Bereitschaftsmitarbeiter unter der TelNr. +43 (0) 5223 78822.<\/strong><\/p>\n<h2>Gesch\u00e4ftsf\u00fchrung<\/h2>\n<p><strong>Florian Kiechl<\/strong><\/p>\n<p>Tel: +43 (0) 664 3465160<br \/>\n<a href=\"https:\/\/www.kbrinn.at\/wp\/?page_id=141\">zum Kontaktformular<\/a><\/p>\n<h2>Betriebsleitung<\/h2>\n<p><strong>Dipl.-HTL-Ing. Johannes Seifert<br \/>\n<\/strong><\/p>\n<h2>Verwaltung<\/h2>\n<p><strong>Markus Rutter<br \/>\n<\/strong>Kundenberatung, Buchhaltung<strong><br \/>\n<\/strong><\/p>\n<p>Tel: +43 (0) 5223 78877-14<br \/>\n<a href=\"https:\/\/www.kbrinn.at\/wp\/?page_id=145\">zum Kontaktformular<\/a><\/p>\n<p><strong>Marco T\u00f6chterle<br \/>\n<\/strong>Verbrauchsabrechnung, Technik<strong><br \/>\n<\/strong><\/p>\n<p>Tel: +43 (0) 5223 78877-20<br \/>\n<a href=\"https:\/\/www.kbrinn.at\/wp\/?page_id=137\">zum Kontaktformular<\/a><\/p>\n<h2>Au\u00dfendienst<\/h2>\n<p><strong>Hans Strasser<\/strong><b><\/b><\/p>\n<p><strong>Christoph Sp\u00f6rr<\/strong><\/p>\n<h2>Campingplatz<\/h2>\n<p>Tel: +43 (0) 664 24 28 500<br \/>\n<a href=\"mailto:info@camping-judenstein.at\">info@camping-judenstein.at<\/a><\/p>\n","protected":false},"excerpt":{"rendered":"<p>Bei St\u00f6rf\u00e4llen erreichen sie unseren Bereitschaftsmitarbeiter unter der TelNr. +43 (0) 5223 78822. Gesch\u00e4ftsf\u00fchrung Florian Kiechl Tel: +43 (0) 664 3465160 zum Kontaktformular Betriebsleitung Dipl.-HTL-Ing. Johannes Seifert Verwaltung Markus Rutter Kundenberatung, Buchhaltung Tel: +43 (0) 5223 78877-14 zum Kontaktformular Marco T\u00f6chterle Verbrauchsabrechnung, Technik Tel: +43 (0) 5223 78877-20 zum Kontaktformular\u2026<\/p>\n<p> <a class=\"continue-reading-link\" href=\"https:\/\/www.kbrinn.at\/wp\/?page_id=81\"><span>lesen sie mehr<\/span><i class=\"crycon-right-dir\"><\/i><\/a> <\/p>\n","protected":false},"author":1,"featured_media":0,"parent":0,"menu_order":1003,"comment_status":"closed","ping_status":"closed","template":"","meta":{"footnotes":""},"class_list":["post-81","page","type-page","status-publish","hentry"],"_links":{"self":[{"href":"https:\/\/www.kbrinn.at\/wp\/index.php?rest_route=\/wp\/v2\/pages\/81","targetHints":{"allow":["GET"]}}],"collection":[{"href":"https:\/\/www.kbrinn.at\/wp\/index.php?rest_route=\/wp\/v2\/pages"}],"about":[{"href":"https:\/\/www.kbrinn.at\/wp\/index.php?rest_route=\/wp\/v2\/types\/page"}],"author":[{"embeddable":true,"href":"https:\/\/www.kbrinn.at\/wp\/index.php?rest_route=\/wp\/v2\/users\/1"}],"replies":[{"embeddable":true,"href":"https:\/\/www.kbrinn.at\/wp\/index.php?rest_route=%2Fwp%2Fv2%2Fcomments&post=81"}],"version-history":[{"count":26,"href":"https:\/\/www.kbrinn.at\/wp\/index.php?rest_route=\/wp\/v2\/pages\/81\/revisions"}],"predecessor-version":[{"id":966,"href":"https:\/\/www.kbrinn.at\/wp\/index.php?rest_route=\/wp\/v2\/pages\/81\/revisions\/966"}],"wp:attachment":[{"href":"https:\/\/www.kbrinn.at\/wp\/index.php?rest_route=%2Fwp%2Fv2%2Fmedia&parent=81"}],"curies":[{"name":"wp","href":"https:\/\/api.w.org\/{rel}","templated":true}]}}