{"id":6,"date":"2015-11-11T14:44:21","date_gmt":"2015-11-11T13:44:21","guid":{"rendered":"http:\/\/www.kbrinn.at\/wp\/?page_id=6"},"modified":"2021-05-07T10:41:15","modified_gmt":"2021-05-07T08:41:15","slug":"kraftwerke","status":"publish","type":"page","link":"https:\/\/www.kbrinn.at\/wp\/?page_id=6","title":{"rendered":"Kraftwerke"},"content":{"rendered":"<p class=\"csc-firstHeader\"><strong>Kraftwerk am Lavierenbach<\/strong><\/p>\n<p>Das Kraftwerk Am Lavierenbach wurde im Jahr 1909 in Betrieb genommen. Im Jahr 1980 fand eine umfangreiche Renovierung statt, bei der die zwei bestehenden Maschinens\u00e4tze durch einen Maschinensatz ersetzt wurden. Die Druckrohrleitung zwischen der Wasserfassung auf 1536m Seeh\u00f6he und dem Maschinenhaus wurde ebenfalls neu verlegt.<\/p>\n<p><img loading=\"lazy\" decoding=\"async\" class=\"aligncenter size-full wp-image-128\" src=\"https:\/\/www.kbrinn.at\/wp\/wp-content\/uploads\/2015\/11\/KW_Lav_innen.jpg\" alt=\"Kraftwerk am Lavierenbach\" width=\"650\" height=\"433\" srcset=\"https:\/\/www.kbrinn.at\/wp\/wp-content\/uploads\/2015\/11\/KW_Lav_innen.jpg 650w, https:\/\/www.kbrinn.at\/wp\/wp-content\/uploads\/2015\/11\/KW_Lav_innen-300x200.jpg 300w, https:\/\/www.kbrinn.at\/wp\/wp-content\/uploads\/2015\/11\/KW_Lav_innen-225x150.jpg 225w, https:\/\/www.kbrinn.at\/wp\/wp-content\/uploads\/2015\/11\/KW_Lav_innen-150x100.jpg 150w\" sizes=\"auto, (max-width: 650px) 100vw, 650px\" \/><\/p>\n<p><strong>Kraftwerk Unterlavieren<\/strong><\/p>\n<p>Das Kraftwerk Unterlavieren wurde im Jahr 2006 auf dem Arial der ehemaligen Kl\u00e4ranlage erreichtet und arbeitet das Wasser des Lavierenbach ein zweites Mal ab. Es stellt somit aus technischer Sicht eine sogenannte Unterstufe dar.<\/p>\n<p><img loading=\"lazy\" decoding=\"async\" class=\"aligncenter size-full wp-image-129\" src=\"https:\/\/www.kbrinn.at\/wp\/wp-content\/uploads\/2015\/11\/KW_UL_Innenansicht.jpg\" alt=\"Kraftwerk Unterlavieren\" width=\"634\" height=\"426\" srcset=\"https:\/\/www.kbrinn.at\/wp\/wp-content\/uploads\/2015\/11\/KW_UL_Innenansicht.jpg 634w, https:\/\/www.kbrinn.at\/wp\/wp-content\/uploads\/2015\/11\/KW_UL_Innenansicht-300x202.jpg 300w, https:\/\/www.kbrinn.at\/wp\/wp-content\/uploads\/2015\/11\/KW_UL_Innenansicht-223x150.jpg 223w, https:\/\/www.kbrinn.at\/wp\/wp-content\/uploads\/2015\/11\/KW_UL_Innenansicht-150x101.jpg 150w\" sizes=\"auto, (max-width: 634px) 100vw, 634px\" \/><\/p>\n<p><strong>Trinkwasserkraftwerk<\/strong><\/p>\n<p>Das Trinkwasserkraftwerk ging im Jahr 1996 in Betrieb. Mehrere Quellen werden in der Brunnenstube auf 1280m Seeh\u00f6he gefasst und \u00fcber die Druckrohrleitung zum Krafthaus abgeleitet. Nach der Abarbeitung sammelt sich das Trinkwasser im Trinkwasserbeh\u00e4lter der Gemeinde Rinn, der zwei Kammern mit je 300m\u00b3 Volumen umfasst.<\/p>\n<p><img loading=\"lazy\" decoding=\"async\" class=\"aligncenter size-full wp-image-130\" src=\"https:\/\/www.kbrinn.at\/wp\/wp-content\/uploads\/2015\/11\/TWKW_innen.jpg\" alt=\"Trinkwasserkraftwerk\" width=\"650\" height=\"467\" srcset=\"https:\/\/www.kbrinn.at\/wp\/wp-content\/uploads\/2015\/11\/TWKW_innen.jpg 650w, https:\/\/www.kbrinn.at\/wp\/wp-content\/uploads\/2015\/11\/TWKW_innen-300x216.jpg 300w, https:\/\/www.kbrinn.at\/wp\/wp-content\/uploads\/2015\/11\/TWKW_innen-209x150.jpg 209w, https:\/\/www.kbrinn.at\/wp\/wp-content\/uploads\/2015\/11\/TWKW_innen-150x108.jpg 150w\" sizes=\"auto, (max-width: 650px) 100vw, 650px\" \/><\/p>\n","protected":false},"excerpt":{"rendered":"<p>Kraftwerk am Lavierenbach Das Kraftwerk Am Lavierenbach wurde im Jahr 1909 in Betrieb genommen. Im Jahr 1980 fand eine umfangreiche Renovierung statt, bei der die zwei bestehenden Maschinens\u00e4tze durch einen Maschinensatz ersetzt wurden. Die Druckrohrleitung zwischen der Wasserfassung auf 1536m Seeh\u00f6he und dem Maschinenhaus wurde ebenfalls neu verlegt. Kraftwerk Unterlavieren\u2026<\/p>\n<p> <a class=\"continue-reading-link\" href=\"https:\/\/www.kbrinn.at\/wp\/?page_id=6\"><span>lesen sie mehr<\/span><i class=\"crycon-right-dir\"><\/i><\/a> <\/p>\n","protected":false},"author":1,"featured_media":0,"parent":4,"menu_order":120,"comment_status":"closed","ping_status":"closed","template":"","meta":{"footnotes":""},"class_list":["post-6","page","type-page","status-publish","hentry"],"_links":{"self":[{"href":"https:\/\/www.kbrinn.at\/wp\/index.php?rest_route=\/wp\/v2\/pages\/6","targetHints":{"allow":["GET"]}}],"collection":[{"href":"https:\/\/www.kbrinn.at\/wp\/index.php?rest_route=\/wp\/v2\/pages"}],"about":[{"href":"https:\/\/www.kbrinn.at\/wp\/index.php?rest_route=\/wp\/v2\/types\/page"}],"author":[{"embeddable":true,"href":"https:\/\/www.kbrinn.at\/wp\/index.php?rest_route=\/wp\/v2\/users\/1"}],"replies":[{"embeddable":true,"href":"https:\/\/www.kbrinn.at\/wp\/index.php?rest_route=%2Fwp%2Fv2%2Fcomments&post=6"}],"version-history":[{"count":5,"href":"https:\/\/www.kbrinn.at\/wp\/index.php?rest_route=\/wp\/v2\/pages\/6\/revisions"}],"predecessor-version":[{"id":673,"href":"https:\/\/www.kbrinn.at\/wp\/index.php?rest_route=\/wp\/v2\/pages\/6\/revisions\/673"}],"up":[{"embeddable":true,"href":"https:\/\/www.kbrinn.at\/wp\/index.php?rest_route=\/wp\/v2\/pages\/4"}],"wp:attachment":[{"href":"https:\/\/www.kbrinn.at\/wp\/index.php?rest_route=%2Fwp%2Fv2%2Fmedia&parent=6"}],"curies":[{"name":"wp","href":"https:\/\/api.w.org\/{rel}","templated":true}]}}