{"id":39,"date":"2015-11-12T21:08:14","date_gmt":"2015-11-12T20:08:14","guid":{"rendered":"http:\/\/www.kbrinn.at\/wp\/?page_id=39"},"modified":"2022-02-28T14:45:09","modified_gmt":"2022-02-28T13:45:09","slug":"gebuehren","status":"publish","type":"page","link":"https:\/\/www.kbrinn.at\/wp\/?page_id=39","title":{"rendered":"\u00dcbersicht der laufenden und einmaligen Kosten"},"content":{"rendered":"<h1>monatliche Betriebskosten<\/h1>\n<p>Im monatlichen Betriebskostenbeitrag sind alle Programme (analog und digital) enthalten.<\/p>\n\n<table id=\"tablepress-4\" class=\"tablepress tablepress-id-4\">\n<thead>\n<tr class=\"row-1\">\n\t<th class=\"column-1\">Bezeichnung<\/th><th class=\"column-2\">Kosten in \u20ac<\/th>\n<\/tr>\n<\/thead>\n<tbody class=\"row-striping row-hover\">\n<tr class=\"row-2\">\n\t<td class=\"column-1\">Betriebskostenbeitrag<\/td><td class=\"column-2\">9,35<\/td>\n<\/tr>\n<tr class=\"row-3\">\n\t<td class=\"column-1\">Urheberrechtsabgabe<\/td><td class=\"column-2\">2,28<\/td>\n<\/tr>\n<\/tbody>\n<\/table>\n<!-- #tablepress-4 from cache -->\n<p>USt-Satz der monatlichen Betriebskosten: 10%<br \/>\nUSt-Satz der Urheberrechtsabgaben: 20%<br \/>\nDie USt. ist in den oben angef\u00fchrten Betr\u00e4gen enthalten.<\/p>\n<h1>einmalige Anschlusspauschale<\/h1>\n<p>Die KabelTV-Versorgung jeder Anlage setzt einen Hauptanschluss voraus. F\u00fcr jede weitere Wohneinheit ist der Erwerb eines Nebenanschlusses notwendig (z.B. Mehrfamilienhaus mit drei Wohneinheiten &gt; 1 x Hauptanschluss + 2 x Nebenanschluss).<\/p>\n<p>Bei Anlagen ab f\u00fcnf Wohneinheiten stellen wir ihnen gerne ein individuelles Angebot.<\/p>\n\n<table id=\"tablepress-5\" class=\"tablepress tablepress-id-5\">\n<thead>\n<tr class=\"row-1\">\n\t<th class=\"column-1\">Anschlusstyp<\/th><th class=\"column-2\">Kosten in \u20ac<\/th>\n<\/tr>\n<\/thead>\n<tbody class=\"row-striping row-hover\">\n<tr class=\"row-2\">\n\t<td class=\"column-1\">Hauptanschluss<\/td><td class=\"column-2\">440,00<\/td>\n<\/tr>\n<tr class=\"row-3\">\n\t<td class=\"column-1\">Nebenanschluss<\/td><td class=\"column-2\">110,00<\/td>\n<\/tr>\n<\/tbody>\n<\/table>\n<!-- #tablepress-5 from cache -->\n<p>Die angegebenen Betr\u00e4ge verstehen sich inkl. 10% USt.<\/p>\n","protected":false},"excerpt":{"rendered":"<p>monatliche Betriebskosten Im monatlichen Betriebskostenbeitrag sind alle Programme (analog und digital) enthalten. USt-Satz der monatlichen Betriebskosten: 10% USt-Satz der Urheberrechtsabgaben: 20% Die USt. ist in den oben angef\u00fchrten Betr\u00e4gen enthalten. einmalige Anschlusspauschale Die KabelTV-Versorgung jeder Anlage setzt einen Hauptanschluss voraus. F\u00fcr jede weitere Wohneinheit ist der Erwerb eines Nebenanschlusses notwendig\u2026<\/p>\n<p> <a class=\"continue-reading-link\" href=\"https:\/\/www.kbrinn.at\/wp\/?page_id=39\"><span>lesen sie mehr<\/span><i class=\"crycon-right-dir\"><\/i><\/a> <\/p>\n","protected":false},"author":1,"featured_media":0,"parent":15,"menu_order":310,"comment_status":"closed","ping_status":"closed","template":"","meta":{"footnotes":""},"class_list":["post-39","page","type-page","status-publish","hentry"],"_links":{"self":[{"href":"https:\/\/www.kbrinn.at\/wp\/index.php?rest_route=\/wp\/v2\/pages\/39","targetHints":{"allow":["GET"]}}],"collection":[{"href":"https:\/\/www.kbrinn.at\/wp\/index.php?rest_route=\/wp\/v2\/pages"}],"about":[{"href":"https:\/\/www.kbrinn.at\/wp\/index.php?rest_route=\/wp\/v2\/types\/page"}],"author":[{"embeddable":true,"href":"https:\/\/www.kbrinn.at\/wp\/index.php?rest_route=\/wp\/v2\/users\/1"}],"replies":[{"embeddable":true,"href":"https:\/\/www.kbrinn.at\/wp\/index.php?rest_route=%2Fwp%2Fv2%2Fcomments&post=39"}],"version-history":[{"count":11,"href":"https:\/\/www.kbrinn.at\/wp\/index.php?rest_route=\/wp\/v2\/pages\/39\/revisions"}],"predecessor-version":[{"id":726,"href":"https:\/\/www.kbrinn.at\/wp\/index.php?rest_route=\/wp\/v2\/pages\/39\/revisions\/726"}],"up":[{"embeddable":true,"href":"https:\/\/www.kbrinn.at\/wp\/index.php?rest_route=\/wp\/v2\/pages\/15"}],"wp:attachment":[{"href":"https:\/\/www.kbrinn.at\/wp\/index.php?rest_route=%2Fwp%2Fv2%2Fmedia&parent=39"}],"curies":[{"name":"wp","href":"https:\/\/api.w.org\/{rel}","templated":true}]}}