{"id":226,"date":"2015-12-09T15:08:26","date_gmt":"2015-12-09T14:08:26","guid":{"rendered":"http:\/\/www.kbrinn.at\/wp\/?page_id=226"},"modified":"2019-01-09T13:51:10","modified_gmt":"2019-01-09T12:51:10","slug":"oeffnungszeiten","status":"publish","type":"page","link":"https:\/\/www.kbrinn.at\/wp\/?page_id=226","title":{"rendered":"\u00d6ffnungszeiten"},"content":{"rendered":"<p>In unserem Kundenb\u00fcro im Gemeindeamt Rinn stehen wir ihnen gerne f\u00fcr ein pers\u00f6nliches Gespr\u00e4ch zur Verf\u00fcgung:<\/p>\n<p><strong>B\u00fcrozeiten:<\/strong><br \/>\nMontag 7:30 &#8211; 12:00 und 13:30 &#8211; 18:00 Uhr<br \/>\nDienstag bis Donnerstag 7:30 &#8211; 12:00 Uhr und 13:30 &#8211; 17:00 Uhr<br \/>\nFreitag 7:30 &#8211; 12:30 Uhr<\/p>\n<p><strong>Anschrift:<\/strong><br \/>\nKommunalbetriebe Rinn GmbH<br \/>\nDorfstra\u00dfe 6<br \/>\n6074 Rinn<\/p>\n<p><iframe loading=\"lazy\" src=\"https:\/\/www.google.com\/maps\/embed?pb=!1m18!1m12!1m3!1d2708.281076742475!2d11.500492815973653!3d47.25020677916273!2m3!1f0!2f0!3f0!3m2!1i1024!2i768!4f13.1!3m3!1m2!1s0x479d661c131efd35%3A0x14ce62099e831836!2sKommunalbetriebe+Rinn+GmbH!5e0!3m2!1sde!2sat!4v1547038141743\" style=\"border:0\" allowfullscreen=\"\" width=\"600\" height=\"450\" frameborder=\"0\"><\/iframe><\/p>\n","protected":false},"excerpt":{"rendered":"<p>In unserem Kundenb\u00fcro im Gemeindeamt Rinn stehen wir ihnen gerne f\u00fcr ein pers\u00f6nliches Gespr\u00e4ch zur Verf\u00fcgung: B\u00fcrozeiten: Montag 7:30 &#8211; 12:00 und 13:30 &#8211; 18:00 Uhr Dienstag bis Donnerstag 7:30 &#8211; 12:00 Uhr und 13:30 &#8211; 17:00 Uhr Freitag 7:30 &#8211; 12:30 Uhr Anschrift: Kommunalbetriebe Rinn GmbH Dorfstra\u00dfe 6 6074\u2026<\/p>\n<p> <a class=\"continue-reading-link\" href=\"https:\/\/www.kbrinn.at\/wp\/?page_id=226\"><span>lesen sie mehr<\/span><i class=\"crycon-right-dir\"><\/i><\/a> <\/p>\n","protected":false},"author":1,"featured_media":0,"parent":0,"menu_order":0,"comment_status":"closed","ping_status":"closed","template":"templates\/template-twocolumns-right.php","meta":{"footnotes":""},"class_list":["post-226","page","type-page","status-publish","hentry"],"_links":{"self":[{"href":"https:\/\/www.kbrinn.at\/wp\/index.php?rest_route=\/wp\/v2\/pages\/226","targetHints":{"allow":["GET"]}}],"collection":[{"href":"https:\/\/www.kbrinn.at\/wp\/index.php?rest_route=\/wp\/v2\/pages"}],"about":[{"href":"https:\/\/www.kbrinn.at\/wp\/index.php?rest_route=\/wp\/v2\/types\/page"}],"author":[{"embeddable":true,"href":"https:\/\/www.kbrinn.at\/wp\/index.php?rest_route=\/wp\/v2\/users\/1"}],"replies":[{"embeddable":true,"href":"https:\/\/www.kbrinn.at\/wp\/index.php?rest_route=%2Fwp%2Fv2%2Fcomments&post=226"}],"version-history":[{"count":5,"href":"https:\/\/www.kbrinn.at\/wp\/index.php?rest_route=\/wp\/v2\/pages\/226\/revisions"}],"predecessor-version":[{"id":578,"href":"https:\/\/www.kbrinn.at\/wp\/index.php?rest_route=\/wp\/v2\/pages\/226\/revisions\/578"}],"wp:attachment":[{"href":"https:\/\/www.kbrinn.at\/wp\/index.php?rest_route=%2Fwp%2Fv2%2Fmedia&parent=226"}],"curies":[{"name":"wp","href":"https:\/\/api.w.org\/{rel}","templated":true}]}}