{"id":20,"date":"2015-11-11T14:59:30","date_gmt":"2015-11-11T13:59:30","guid":{"rendered":"http:\/\/www.kbrinn.at\/wp\/?page_id=20"},"modified":"2024-04-23T16:41:20","modified_gmt":"2024-04-23T14:41:20","slug":"support","status":"publish","type":"page","link":"https:\/\/www.kbrinn.at\/wp\/?page_id=20","title":{"rendered":"FAQs &#8211; Email-Systemumstellung 2024"},"content":{"rendered":"\n<ul class=\"wp-block-list\">\n<li>Schritt f\u00fcr Schritt Anleitungen zum Einrichten der neuen Parameter in:<br><a href=\"https:\/\/www.kbrinn.at\/wp\/wp-content\/uploads\/2024\/04\/2024-Einrichtung-kabelrinn-Email-Outlook.pdf\">Microsoft Outlook<\/a><br><a href=\"https:\/\/www.kbrinn.at\/wp\/wp-content\/uploads\/2024\/04\/2024-Einrichtung-kabelrinn-Email-Thunderbird.pdf\">Thunderbird<\/a><br><br><\/li>\n\n\n\n<li><strong>Wie lauten die neuen Servernamen und Ports f\u00fcr POP3 und SMTP?<br><\/strong>Posteingang = mail.kabelrinn.at; Port = 995 (SSL\/TLS);<br>Postausgang = mail.kabelrinn.at; Port = 587 (STARTTLS);<br><strong><br><\/strong><\/li>\n\n\n\n<li><strong>Wie lauten die neuen Servernamen und Ports f\u00fcr IMAP und SMTP?<br><\/strong>Posteingang = mail.kabelrinn.at; Port = 993 (SSL\/TLS);<br>Postausgang = mail.kabelrinn.at; Port = 587 (STARTTLS);<br><br><\/li>\n\n\n\n<li><strong>Was passiert, wenn ich die \u00c4nderungen f\u00fcr mein Email-Postfach nicht sofort zum genannten Zeitpunkt (24.04.2024, 9:00 Uhr) eintrage?<br><\/strong>Das ist kein Problem. Sie k\u00f6nnen mit den alten Einstellungen auch nach der Umstellung noch Emails versenden. F\u00fcr den Empfang von Emails, die nach dem 24. April 2024 (9:00 Uhr) an sie gesendet wurden, sind jedoch die neuen Einstellungen erforderlich. Diese Emails werden von unserem neuen Emailsystem empfangen und in ihrem Postfach abgelegt. Sobald sie die neuen Einstellungen in ihrer Emailsoftware eingetragen haben, k\u00f6nnen sie diese Nachrichten empfangen.<br>Es gehen keine eingehenden Nachrichten verloren!<br><br><\/li>\n\n\n\n<li><strong>Werden Emails, die zur Zeit auf dem Email-Server liegen, in das neue System \u00fcbernommen?<br><\/strong>Nein. Eine Daten\u00fcbernahme ist aus technischen Gr\u00fcnden leider nicht m\u00f6glich. Sie m\u00fcssen ihre Emails nach der Umstellung mit ihrem Email-Programm (Microsoft Outlook, Mozilla Thunderbird o.\u00e4.) letztmalig mit den alten Einstellungen abrufen und danach die Einstellungen \u00e4ndern. Es werden dabei alle Nachrichten auf ihrem PC abgelegt.<br>Sie k\u00f6nnen ihre Emails noch bis Ende Mai 2024 von unserem alten Emailsystem abrufen, bevor das System stillgelegt wird.<br><br><\/li>\n\n\n\n<li><strong>Mit welchen Einstellungen kann ich Emails vom alten System nochmals synchronisieren (POP3)?<br><\/strong>Posteingang = webclust4.cnh.at; Port = 995 (SSL\/TLS);<br>Postausgang = webclust4.cnh.at; Port = 587 (STARTTLS);<br>Benutzer (= ihre Vollst\u00e4ndige Email-Adresse) + Passwort<br>Diese M\u00f6glichkeit steht ihnen bis Ende Mai 2024 zur Verf\u00fcgung.<br><br><\/li>\n\n\n\n<li><strong>Welche Speicherkapazit\u00e4t hat mein neues Email-Postfach?<br><\/strong>Jeder Emailadresse stehen 1GB zur Verf\u00fcgung.<br><strong><br><\/strong><\/li>\n\n\n\n<li><strong>Wie und wie lange ist die Webmail-Funktion des alten Servers erreichbar?<br><\/strong>Sie erreichen ihr altes Webmail-Postfach unter <a href=\"https:\/\/webmail-alt.kabelrinn.at\">https:\/\/webmail-alt.kabelrinn.at<\/a> noch bis Ende Mai 2024. Die Zugangsdaten sind unver\u00e4ndert (Benutzer = ihre Vollst\u00e4ndige Email-Adresse + Passwort)<br><br><\/li>\n\n\n\n<li><strong>Wie lautet der Webmail-<\/strong>Zugang des neuen Postfachs?<br>Die neue Webmail-Funktion erreichen sie unter <a href=\"https:\/\/webmail.kabelrinn.at\">https:\/\/webmail.kabelrinn.at<\/a>.<br>Die Zugangsdaten sind wie zuvor: ihre Vollst\u00e4ndige Email-Adresse als Benutzer + das neu generierte Passwort<br><br><\/li>\n\n\n\n<li><strong>Wie kann ich das Passwort des neuen Email-Postfachs \u00e4ndern?<\/strong><br>Melden sie sich, wie zuvor beschrieben, \u00fcber den neuen Webmail-Zugang an (<a href=\"https:\/\/webmail.kabelrinn.at\">https:\/\/webmail.kabelrinn.at<\/a>). Klicken sie rechts oben auf den Namen ihres Email-Postfachs und dann auf \u201ePasswort \u00e4ndern\u201c. Bitte verwenden sie ein Passwort mit mindestens 14 Zeichen.<br><\/li>\n<\/ul>\n","protected":false},"excerpt":{"rendered":"<p> <a class=\"continue-reading-link\" href=\"https:\/\/www.kbrinn.at\/wp\/?page_id=20\"><span>lesen sie mehr<\/span><i class=\"crycon-right-dir\"><\/i><\/a> <\/p>\n","protected":false},"author":1,"featured_media":0,"parent":9,"menu_order":220,"comment_status":"closed","ping_status":"closed","template":"","meta":{"footnotes":""},"class_list":["post-20","page","type-page","status-publish","hentry"],"_links":{"self":[{"href":"https:\/\/www.kbrinn.at\/wp\/index.php?rest_route=\/wp\/v2\/pages\/20","targetHints":{"allow":["GET"]}}],"collection":[{"href":"https:\/\/www.kbrinn.at\/wp\/index.php?rest_route=\/wp\/v2\/pages"}],"about":[{"href":"https:\/\/www.kbrinn.at\/wp\/index.php?rest_route=\/wp\/v2\/types\/page"}],"author":[{"embeddable":true,"href":"https:\/\/www.kbrinn.at\/wp\/index.php?rest_route=\/wp\/v2\/users\/1"}],"replies":[{"embeddable":true,"href":"https:\/\/www.kbrinn.at\/wp\/index.php?rest_route=%2Fwp%2Fv2%2Fcomments&post=20"}],"version-history":[{"count":12,"href":"https:\/\/www.kbrinn.at\/wp\/index.php?rest_route=\/wp\/v2\/pages\/20\/revisions"}],"predecessor-version":[{"id":1043,"href":"https:\/\/www.kbrinn.at\/wp\/index.php?rest_route=\/wp\/v2\/pages\/20\/revisions\/1043"}],"up":[{"embeddable":true,"href":"https:\/\/www.kbrinn.at\/wp\/index.php?rest_route=\/wp\/v2\/pages\/9"}],"wp:attachment":[{"href":"https:\/\/www.kbrinn.at\/wp\/index.php?rest_route=%2Fwp%2Fv2%2Fmedia&parent=20"}],"curies":[{"name":"wp","href":"https:\/\/api.w.org\/{rel}","templated":true}]}}