{"id":15,"date":"2015-11-11T14:54:21","date_gmt":"2015-11-11T13:54:21","guid":{"rendered":"http:\/\/www.kbrinn.at\/wp\/?page_id=15"},"modified":"2016-12-06T21:19:19","modified_gmt":"2016-12-06T20:19:19","slug":"kabeltv","status":"publish","type":"page","link":"https:\/\/www.kbrinn.at\/wp\/?page_id=15","title":{"rendered":"Fernsehen"},"content":{"rendered":"<p><a href=\"https:\/\/www.kbrinn.at\/wp\/wp-content\/uploads\/2015\/11\/fb.jpg\" rel=\"attachment wp-att-282\"><img loading=\"lazy\" decoding=\"async\" class=\"alignright size-full wp-image-282\" src=\"https:\/\/www.kbrinn.at\/wp\/wp-content\/uploads\/2015\/11\/fb.jpg\" alt=\"fb\" width=\"260\" height=\"260\" srcset=\"https:\/\/www.kbrinn.at\/wp\/wp-content\/uploads\/2015\/11\/fb.jpg 260w, https:\/\/www.kbrinn.at\/wp\/wp-content\/uploads\/2015\/11\/fb-150x150.jpg 150w, https:\/\/www.kbrinn.at\/wp\/wp-content\/uploads\/2015\/11\/fb-100x100.jpg 100w\" sizes=\"auto, (max-width: 260px) 100vw, 260px\" \/><\/a>Im Jahr 1992 begann der Bau eines eigenen KabelTV-Netzes im Ortskern. Das Netz wurde stetig erweitert und im Jahr 2006 auf Grund der starken Nachfrage unserer Kunden auf Internettauglichkeit adaptiert.<\/p>\n<p>Aktuell sind 29 TV-Sender in HD-Qualit\u00e4t, 65 weitere TV-Sender und 85 Rundfunkprogramm digital frei empfangbar. Auch die PayTV-Dienste von Sky k\u00f6nnen \u00fcber das KabelTV-Netz der Kommunalbetriebe Rinn GmbH empfangen werden. Mehr Informationen hierzu finden sie unter <a href=\"http:\/\/www.sky.at\">www.sky.at<\/a>.<\/p>\n<p>Haben sie Fragen bzgl. der Verf\u00fcgbarkeit oder den Anschlusskosten?<br \/>\nUnsere Mitarbeiter stehen ihnen gerne zur Verf\u00fcgung.<\/p>\n","protected":false},"excerpt":{"rendered":"<p>Im Jahr 1992 begann der Bau eines eigenen KabelTV-Netzes im Ortskern. Das Netz wurde stetig erweitert und im Jahr 2006 auf Grund der starken Nachfrage unserer Kunden auf Internettauglichkeit adaptiert. Aktuell sind 29 TV-Sender in HD-Qualit\u00e4t, 65 weitere TV-Sender und 85 Rundfunkprogramm digital frei empfangbar. Auch die PayTV-Dienste von Sky\u2026<\/p>\n<p> <a class=\"continue-reading-link\" href=\"https:\/\/www.kbrinn.at\/wp\/?page_id=15\"><span>lesen sie mehr<\/span><i class=\"crycon-right-dir\"><\/i><\/a> <\/p>\n","protected":false},"author":1,"featured_media":0,"parent":0,"menu_order":300,"comment_status":"closed","ping_status":"closed","template":"","meta":{"footnotes":""},"class_list":["post-15","page","type-page","status-publish","hentry"],"_links":{"self":[{"href":"https:\/\/www.kbrinn.at\/wp\/index.php?rest_route=\/wp\/v2\/pages\/15","targetHints":{"allow":["GET"]}}],"collection":[{"href":"https:\/\/www.kbrinn.at\/wp\/index.php?rest_route=\/wp\/v2\/pages"}],"about":[{"href":"https:\/\/www.kbrinn.at\/wp\/index.php?rest_route=\/wp\/v2\/types\/page"}],"author":[{"embeddable":true,"href":"https:\/\/www.kbrinn.at\/wp\/index.php?rest_route=\/wp\/v2\/users\/1"}],"replies":[{"embeddable":true,"href":"https:\/\/www.kbrinn.at\/wp\/index.php?rest_route=%2Fwp%2Fv2%2Fcomments&post=15"}],"version-history":[{"count":7,"href":"https:\/\/www.kbrinn.at\/wp\/index.php?rest_route=\/wp\/v2\/pages\/15\/revisions"}],"predecessor-version":[{"id":446,"href":"https:\/\/www.kbrinn.at\/wp\/index.php?rest_route=\/wp\/v2\/pages\/15\/revisions\/446"}],"wp:attachment":[{"href":"https:\/\/www.kbrinn.at\/wp\/index.php?rest_route=%2Fwp%2Fv2%2Fmedia&parent=15"}],"curies":[{"name":"wp","href":"https:\/\/api.w.org\/{rel}","templated":true}]}}